{"id":3124,"date":"2023-09-07T15:43:03","date_gmt":"2023-09-07T13:43:03","guid":{"rendered":"https:\/\/metazoa.studio\/legal-notice\/"},"modified":"2023-10-31T13:00:40","modified_gmt":"2023-10-31T12:00:40","slug":"legal-notice","status":"publish","type":"page","link":"https:\/\/metazoa.studio\/en\/legal-notice\/","title":{"rendered":"Legal Notice"},"content":{"rendered":"\t<section class=\"section\" id=\"section_1133255317\">\n\t\t<div class=\"bg section-bg fill bg-fill  bg-loaded\" >\n\n\t\t\t\n\t\t\t\n\t\t\t\n\n\t\t<\/div>\n\n\t\t\n\n\t\t<div class=\"section-content relative\">\n\t\t\t\n<p>&nbsp;<\/p>\n<div id=\"content\" class=\"content-area page-wrapper\" role=\"main\">\n<div class=\"row row-main\">\n<div class=\"large-12 col\">\n<div class=\"col-inner\">\n<h1><strong>Legal Notice<\/strong><\/h1>\n<p style=\"text-align: justify;\">In compliance with Law 34\/2002, of 11 July, on Information Society Services and Electronic Commerce (LSSI), we inform you that:<br \/>\n<strong>metazoa.studio (Hugo Salais L\u00f3pez)<\/strong> NIF is 22595190J.<\/p>\n<p style=\"text-align: justify;\"><strong>Contact details:<\/strong><\/p>\n<p style=\"text-align: justify;\">Phone: (+34) 644529051<br \/>\nE-mail: <span class=\"yiv4624300714gmail-wixui-rich-text__text\"><a class=\"yiv4624300714gmail-wixui-rich-text__text\" href=\"mailto:hugosalais@hotmail.com\" target=\"_blank\" rel=\"nofollow noopener noreferrer\" shape=\"rect\">i<\/a>nfo@metazoa.estudio.es<\/span><\/p>\n<p style=\"text-align: justify;\"><strong>General Terms and Conditions of Use of the https:\/\/metazoa.studio Website<\/strong><br \/>\nThe domain name https:\/\/metazoa.studio\/ is owned by Hugo Salais L\u00f3pez and its exclusive use is reserved to him.<br \/>\nThe purpose of the official https:\/\/metazoa.studio\/ portal is to provide the general public with knowledge of the activities carried out by this Organization and the products and services it provides in the field of SCIENTIFIC ILLUSTRATION.<\/p>\n<p style=\"text-align: justify;\">The use of this website implies the express and full acceptance of the conditions set forth herein, without prejudice to any particular conditions that may apply to some of the specific products or services offered through the website.<br \/>\nHugo Salais L\u00f3pez reserves the right to make, at any time and without prior notice, modifications and updates to the information contained on its website or in its configuration and presentation. In order to keep the information published on the portal up to date, the contents of the same may be modified, corrected, eliminated or added at any time, so it will be advisable to check the validity or accuracy of the same by going to official sources.<\/p>\n<p style=\"text-align: justify;\"><strong>Intellectual and industrial property and frames<\/strong><br \/>\nAll the elements that make up the website, as well as its structure, design, source code, as well as the logos, trademarks and other distinctive signs that appear on it, are the property of Hugo Salais L\u00f3pez or his collaborators and are protected by the corresponding intellectual and industrial property rights. Likewise, the images and other graphic elements contained in the portals are protected by the corresponding intellectual and industrial property rights.<br \/>\nHugo Salais L\u00f3pez expressly prohibits the carrying out of &#8220;framings&#8221; or the use by third parties of any other mechanisms that alter the design, original configuration or contents of our portals.<\/p>\n<p style=\"text-align: justify;\">The use of the contents must respect their particular license. In this way, its use, reproduction, distribution, public communication, transformation or any other similar or analogous activity, is totally prohibited unless there is prior and express authorization from Hugo Salais L\u00f3pez.<\/p>\n<p style=\"text-align: justify;\">With regard to the quotations of news, products and services of third parties, which may appear on the Website, Hugo Salais L\u00f3pez recognises in favour of their owners the corresponding industrial and intellectual property rights, and their mere mention or appearance on the Website does not imply the existence of any rights or responsibility for them, nor does it imply any endorsement. sponsorship or recommendation.<br \/>\nHugo Salais L\u00f3pez declares his respect for the intellectual and industrial property rights of third parties; therefore, if you consider that our portals may be violating your rights, please contact Hugo Salais L\u00f3pez.<\/p>\n<p style=\"text-align: justify;\"><strong>Responsibility<\/strong><br \/>\nHugo Salais L\u00f3pez does not guarantee the absence of errors in access to the Website, in its content, or that it is up to date, although Hugo Salais L\u00f3pez will make its best efforts to, where appropriate, avoid, correct or update them. Both access to the Hugo Salais L\u00f3pez portals and the use that may be made of the information contained therein is the exclusive responsibility of the person doing so. Hugo Salais L\u00f3pez is not responsible for any possible security errors that may occur nor for any possible damage that may be caused to the User&#8217;s computer system (hardware and software), the files or documents stored therein, as a consequence of the presence of virus on the User&#8217;s computer used to connect to the services and contents of the Website, a malfunction of the browser or the use of non-updated versions of the same.<\/p>\n<p style=\"text-align: justify;\">Hugo Salais L\u00f3pez is not responsible for the information and content stored, by way of example but not limited to, in forums, chats, blogs, comments, social networks or any other means that allows third parties to publish content independently on the website of Hugo Salais L\u00f3pez. However, and in compliance with the provisions of the LSSI, Hugo Salais L\u00f3pez makes itself available to all users, authorities and security forces, and actively collaborates in the withdrawal or, where appropriate, blocking of all content that could affect or contravene national or international legislation, third party rights or morality and public order. If the user considers that there is any content on the website that could be susceptible to this classification, please contact Hugo Salais L\u00f3pez.<\/p>\n<p style=\"text-align: justify;\"><strong>Links or hyperlinks<\/strong><br \/>\nThe Website may contain links to content that directs to third-party Web content. The objective of these links is solely to facilitate your search for resources that may interest you on the Internet. However, these pages do not belong to Hugo Salais L\u00f3pez, nor does it review their contents and, therefore, Hugo Salais L\u00f3pez does not assume any responsibility for the content, information or services that may appear on said sites, which will be exclusively informative. and that in no case imply any relationship between Hugo Salais L\u00f3pez and the persons or entities that own such content or the owners of the sites where they are found. Hugo Salais L\u00f3pez tampoco puede hacerse responsable del funcionamiento de la p\u00e1gina enlazada o de los posibles da\u00f1os que puedan derivarse del acceso o uso de la misma.<\/p>\n<p style=\"text-align: justify;\">Links to the Hugo Salais L\u00f3pez website must respect the following conditions:<\/p>\n<ol>\n<li style=\"text-align: justify;\">The establishment of the link will not per se imply any type of agreement, contract, sponsorship or recommendation by Hugo Salais L\u00f3pez of the page that makes the link.<\/li>\n<li style=\"text-align: justify;\">The web page on which the hyperlink is established will not contain information with content that is illicit, discriminatory, contrary to commonly accepted ethical principles or violates public order, nor will it contain content contrary to any third party rights.<\/li>\n<li style=\"text-align: justify;\">Hugo Salais L\u00f3pez may request that a link to his website be removed, without having to give any cause. In such case, the page that created the link must proceed to its immediate deletion, as soon as Hugo Salais L\u00f3pez receives the notification. It is not responsible in any way or guarantees the quality, accuracy, reliability, correctness or morality of content or services that the establishment of the hyperlink may offer.<\/li>\n<li style=\"text-align: justify;\">The user assumes sole responsibility for any consequences, damages or actions that may arise from accessing the hyperlinked website.<\/li>\n<\/ol>\n<\/div>\n<\/div>\n<\/div>\n<\/div>\n<p>&nbsp;<\/p>\n\t\t<\/div>\n\n\t\t\n<style>\n#section_1133255317 {\n  padding-top: 30px;\n  padding-bottom: 30px;\n  background-color: rgb(19, 20, 20);\n}\n<\/style>\n\t<\/section>\n\t\n","protected":false},"excerpt":{"rendered":"&nbsp; Legal Notice In compliance with Law 34\/2002, of 11 July, on Information Society Services and Electronic Commerce (LSSI), we inform you that: metazoa.studio (Hugo Salais L\u00f3pez) NIF is 22595190J. Contact details: Phone: (+34) 644529051 E-mail: info@metazoa.estudio.es General Terms and Conditions of Use of the https:\/\/metazoa.studio Website The domain name https:\/\/metazoa.studio\/ is owned by Hugo [...]","protected":false},"author":1,"featured_media":0,"parent":0,"menu_order":0,"comment_status":"closed","ping_status":"closed","template":"page-blank.php","meta":{"footnotes":""},"class_list":["post-3124","page","type-page","status-publish","hentry"],"yoast_head":"<!-- This site is optimized with the Yoast SEO plugin v26.8 - https:\/\/yoast.com\/product\/yoast-seo-wordpress\/ -->\n<title>Legal Notice - Metazoa Studio<\/title>\n<meta name=\"robots\" content=\"noindex, follow\" \/>\n<meta property=\"og:locale\" content=\"en_US\" \/>\n<meta property=\"og:type\" content=\"article\" \/>\n<meta property=\"og:title\" content=\"Legal Notice - Metazoa Studio\" \/>\n<meta property=\"og:url\" content=\"https:\/\/metazoa.studio\/en\/legal-notice\/\" \/>\n<meta property=\"og:site_name\" content=\"Metazoa Studio\" \/>\n<meta property=\"article:modified_time\" content=\"2023-10-31T12:00:40+00:00\" \/>\n<meta property=\"og:image\" content=\"https:\/\/metazoa.studio\/wp-content\/uploads\/2023\/09\/2-Ecovidrio-Extremadura_Lynx-pardinus_RRSS.jpg\" \/>\n\t<meta property=\"og:image:width\" content=\"1200\" \/>\n\t<meta property=\"og:image:height\" content=\"857\" \/>\n\t<meta property=\"og:image:type\" content=\"image\/jpeg\" \/>\n<meta name=\"twitter:card\" content=\"summary_large_image\" \/>\n<meta name=\"twitter:label1\" content=\"Est. reading time\" \/>\n\t<meta name=\"twitter:data1\" content=\"5 minutes\" \/>\n<script type=\"application\/ld+json\" class=\"yoast-schema-graph\">{\"@context\":\"https:\/\/schema.org\",\"@graph\":[{\"@type\":\"WebPage\",\"@id\":\"https:\/\/metazoa.studio\/en\/legal-notice\/\",\"url\":\"https:\/\/metazoa.studio\/en\/legal-notice\/\",\"name\":\"Legal Notice - Metazoa Studio\",\"isPartOf\":{\"@id\":\"https:\/\/metazoa.studio\/en\/#website\"},\"datePublished\":\"2023-09-07T13:43:03+00:00\",\"dateModified\":\"2023-10-31T12:00:40+00:00\",\"breadcrumb\":{\"@id\":\"https:\/\/metazoa.studio\/en\/legal-notice\/#breadcrumb\"},\"inLanguage\":\"en-US\",\"potentialAction\":[{\"@type\":\"ReadAction\",\"target\":[\"https:\/\/metazoa.studio\/en\/legal-notice\/\"]}]},{\"@type\":\"BreadcrumbList\",\"@id\":\"https:\/\/metazoa.studio\/en\/legal-notice\/#breadcrumb\",\"itemListElement\":[{\"@type\":\"ListItem\",\"position\":1,\"name\":\"Portada\",\"item\":\"https:\/\/metazoa.studio\/en\/home\/\"},{\"@type\":\"ListItem\",\"position\":2,\"name\":\"Legal Notice\"}]},{\"@type\":\"WebSite\",\"@id\":\"https:\/\/metazoa.studio\/en\/#website\",\"url\":\"https:\/\/metazoa.studio\/en\/\",\"name\":\"Metazoa Studio\",\"description\":\"Ilustrador cient\u00edfico\",\"publisher\":{\"@id\":\"https:\/\/metazoa.studio\/en\/#organization\"},\"alternateName\":\"Ilustraci\u00f3n cient\u00edfica\",\"potentialAction\":[{\"@type\":\"SearchAction\",\"target\":{\"@type\":\"EntryPoint\",\"urlTemplate\":\"https:\/\/metazoa.studio\/en\/?s={search_term_string}\"},\"query-input\":{\"@type\":\"PropertyValueSpecification\",\"valueRequired\":true,\"valueName\":\"search_term_string\"}}],\"inLanguage\":\"en-US\"},{\"@type\":\"Organization\",\"@id\":\"https:\/\/metazoa.studio\/en\/#organization\",\"name\":\"Metazoa Studio\",\"url\":\"https:\/\/metazoa.studio\/en\/\",\"logo\":{\"@type\":\"ImageObject\",\"inLanguage\":\"en-US\",\"@id\":\"https:\/\/metazoa.studio\/en\/#\/schema\/logo\/image\/\",\"url\":\"https:\/\/metazoa.studio\/wp-content\/uploads\/2023\/09\/LOGO-BLACK.png\",\"contentUrl\":\"https:\/\/metazoa.studio\/wp-content\/uploads\/2023\/09\/LOGO-BLACK.png\",\"width\":1297,\"height\":159,\"caption\":\"Metazoa Studio\"},\"image\":{\"@id\":\"https:\/\/metazoa.studio\/en\/#\/schema\/logo\/image\/\"},\"sameAs\":[\"https:\/\/www.instagram.com\/metazoa.studio\/\",\"https:\/\/www.linkedin.com\/in\/hugosalais\/\"]}]}<\/script>\n<!-- \/ Yoast SEO plugin. -->","yoast_head_json":{"title":"Legal Notice - Metazoa Studio","robots":{"index":"noindex","follow":"follow"},"og_locale":"en_US","og_type":"article","og_title":"Legal Notice - Metazoa Studio","og_url":"https:\/\/metazoa.studio\/en\/legal-notice\/","og_site_name":"Metazoa Studio","article_modified_time":"2023-10-31T12:00:40+00:00","og_image":[{"width":1200,"height":857,"url":"https:\/\/metazoa.studio\/wp-content\/uploads\/2023\/09\/2-Ecovidrio-Extremadura_Lynx-pardinus_RRSS.jpg","type":"image\/jpeg"}],"twitter_card":"summary_large_image","twitter_misc":{"Est. reading time":"5 minutes"},"schema":{"@context":"https:\/\/schema.org","@graph":[{"@type":"WebPage","@id":"https:\/\/metazoa.studio\/en\/legal-notice\/","url":"https:\/\/metazoa.studio\/en\/legal-notice\/","name":"Legal Notice - Metazoa Studio","isPartOf":{"@id":"https:\/\/metazoa.studio\/en\/#website"},"datePublished":"2023-09-07T13:43:03+00:00","dateModified":"2023-10-31T12:00:40+00:00","breadcrumb":{"@id":"https:\/\/metazoa.studio\/en\/legal-notice\/#breadcrumb"},"inLanguage":"en-US","potentialAction":[{"@type":"ReadAction","target":["https:\/\/metazoa.studio\/en\/legal-notice\/"]}]},{"@type":"BreadcrumbList","@id":"https:\/\/metazoa.studio\/en\/legal-notice\/#breadcrumb","itemListElement":[{"@type":"ListItem","position":1,"name":"Portada","item":"https:\/\/metazoa.studio\/en\/home\/"},{"@type":"ListItem","position":2,"name":"Legal Notice"}]},{"@type":"WebSite","@id":"https:\/\/metazoa.studio\/en\/#website","url":"https:\/\/metazoa.studio\/en\/","name":"Metazoa Studio","description":"Ilustrador cient\u00edfico","publisher":{"@id":"https:\/\/metazoa.studio\/en\/#organization"},"alternateName":"Ilustraci\u00f3n cient\u00edfica","potentialAction":[{"@type":"SearchAction","target":{"@type":"EntryPoint","urlTemplate":"https:\/\/metazoa.studio\/en\/?s={search_term_string}"},"query-input":{"@type":"PropertyValueSpecification","valueRequired":true,"valueName":"search_term_string"}}],"inLanguage":"en-US"},{"@type":"Organization","@id":"https:\/\/metazoa.studio\/en\/#organization","name":"Metazoa Studio","url":"https:\/\/metazoa.studio\/en\/","logo":{"@type":"ImageObject","inLanguage":"en-US","@id":"https:\/\/metazoa.studio\/en\/#\/schema\/logo\/image\/","url":"https:\/\/metazoa.studio\/wp-content\/uploads\/2023\/09\/LOGO-BLACK.png","contentUrl":"https:\/\/metazoa.studio\/wp-content\/uploads\/2023\/09\/LOGO-BLACK.png","width":1297,"height":159,"caption":"Metazoa Studio"},"image":{"@id":"https:\/\/metazoa.studio\/en\/#\/schema\/logo\/image\/"},"sameAs":["https:\/\/www.instagram.com\/metazoa.studio\/","https:\/\/www.linkedin.com\/in\/hugosalais\/"]}]}},"_links":{"self":[{"href":"https:\/\/metazoa.studio\/en\/wp-json\/wp\/v2\/pages\/3124","targetHints":{"allow":["GET"]}}],"collection":[{"href":"https:\/\/metazoa.studio\/en\/wp-json\/wp\/v2\/pages"}],"about":[{"href":"https:\/\/metazoa.studio\/en\/wp-json\/wp\/v2\/types\/page"}],"author":[{"embeddable":true,"href":"https:\/\/metazoa.studio\/en\/wp-json\/wp\/v2\/users\/1"}],"replies":[{"embeddable":true,"href":"https:\/\/metazoa.studio\/en\/wp-json\/wp\/v2\/comments?post=3124"}],"version-history":[{"count":2,"href":"https:\/\/metazoa.studio\/en\/wp-json\/wp\/v2\/pages\/3124\/revisions"}],"predecessor-version":[{"id":3126,"href":"https:\/\/metazoa.studio\/en\/wp-json\/wp\/v2\/pages\/3124\/revisions\/3126"}],"wp:attachment":[{"href":"https:\/\/metazoa.studio\/en\/wp-json\/wp\/v2\/media?parent=3124"}],"curies":[{"name":"wp","href":"https:\/\/api.w.org\/{rel}","templated":true}]}}